{"id":11150,"date":"2016-03-11T18:14:24","date_gmt":"2016-03-11T17:14:24","guid":{"rendered":"http:\/\/www.munkaviszony.hu\/?page_id=11150"},"modified":"2016-03-11T19:18:56","modified_gmt":"2016-03-11T18:18:56","slug":"hasznos-informaciok","status":"publish","type":"page","link":"https:\/\/www.munkaviszony.hu\/?page_id=11150","title":{"rendered":"Hasznos inform\u00e1ci\u00f3k"},"content":{"rendered":"<h2>Hasznos inform\u00e1ci\u00f3k<\/h2>\n<ul>\n<li><a href=\"http:\/\/munkaviszony.hu\/minimalber\" target=\"_blank\">Minim\u00e1lb\u00e9r<\/a><\/li>\n<li><a href=\"http:\/\/munkaviszony.hu\/jogszabalyok\" target=\"_blank\">Jogszab\u00e1lyok<\/a><\/li>\n<li><a href=\"http:\/\/munkaviszony.hu\/hatosagok\" target=\"_blank\">Hat\u00f3s\u00e1gok<\/a><\/li>\n<\/ul>\n<p>&nbsp;<\/p>\n","protected":false},"excerpt":{"rendered":"<p>Hasznos inform\u00e1ci\u00f3k Minim\u00e1lb\u00e9r Jogszab\u00e1lyok Hat\u00f3s\u00e1gok &nbsp;<\/p>\n","protected":false},"author":1,"featured_media":0,"parent":0,"menu_order":0,"comment_status":"closed","ping_status":"closed","template":"","meta":{"_exactmetrics_skip_tracking":false,"_exactmetrics_sitenote_active":false,"_exactmetrics_sitenote_note":"","_exactmetrics_sitenote_category":0,"footnotes":""},"categories":[],"tags":[],"class_list":["post-11150","page","type-page","status-publish","hentry"],"_links":{"self":[{"href":"https:\/\/www.munkaviszony.hu\/index.php?rest_route=\/wp\/v2\/pages\/11150"}],"collection":[{"href":"https:\/\/www.munkaviszony.hu\/index.php?rest_route=\/wp\/v2\/pages"}],"about":[{"href":"https:\/\/www.munkaviszony.hu\/index.php?rest_route=\/wp\/v2\/types\/page"}],"author":[{"embeddable":true,"href":"https:\/\/www.munkaviszony.hu\/index.php?rest_route=\/wp\/v2\/users\/1"}],"replies":[{"embeddable":true,"href":"https:\/\/www.munkaviszony.hu\/index.php?rest_route=%2Fwp%2Fv2%2Fcomments&post=11150"}],"version-history":[{"count":3,"href":"https:\/\/www.munkaviszony.hu\/index.php?rest_route=\/wp\/v2\/pages\/11150\/revisions"}],"predecessor-version":[{"id":11156,"href":"https:\/\/www.munkaviszony.hu\/index.php?rest_route=\/wp\/v2\/pages\/11150\/revisions\/11156"}],"wp:attachment":[{"href":"https:\/\/www.munkaviszony.hu\/index.php?rest_route=%2Fwp%2Fv2%2Fmedia&parent=11150"}],"wp:term":[{"taxonomy":"category","embeddable":true,"href":"https:\/\/www.munkaviszony.hu\/index.php?rest_route=%2Fwp%2Fv2%2Fcategories&post=11150"},{"taxonomy":"post_tag","embeddable":true,"href":"https:\/\/www.munkaviszony.hu\/index.php?rest_route=%2Fwp%2Fv2%2Ftags&post=11150"}],"curies":[{"name":"wp","href":"https:\/\/api.w.org\/{rel}","templated":true}]}}