{"id":11230,"date":"2016-04-21T18:50:30","date_gmt":"2016-04-21T17:50:30","guid":{"rendered":"http:\/\/www.munkaviszony.hu\/?page_id=11230"},"modified":"2016-04-21T19:07:32","modified_gmt":"2016-04-21T18:07:32","slug":"kapcsolat-2","status":"publish","type":"page","link":"https:\/\/www.munkaviszony.hu\/?page_id=11230","title":{"rendered":"Kapcsolat"},"content":{"rendered":"<div class=\"panel-grid\" id=\"pg-11230-0\"><div class=\"panel-grid-core\"><div class=\"panel-grid-cell\" id=\"pgc-11230-0-0\" ><p style=\"text-align: center;\"><img decoding=\"async\" src=\"https:\/\/www.munkaviszony.hu\/wp-content\/uploads\/2016\/04\/Kapcsolati-form-webre-300x214.png\" alt=\"\" \/ ><\/p><p style=\"text-align: center;\"><span style=\"font-size: 14pt;\"><em><strong>Vegye fel vel\u00fcnk a kapcsolatot, mi levessz\u00fck v\u00e1ll\u00e1r\u00f3l a munkajogi \u00fcgyekkel kapcsolatos terheket!\u00a0<\/strong><\/em><\/span><\/p><\/div><div class=\"panel-grid-cell\" id=\"pgc-11230-0-1\" ><p>\n<div class=\"wpcf7 no-js\" id=\"wpcf7-f11179-o1\" lang=\"hu-HU\" dir=\"ltr\" data-wpcf7-id=\"11179\">\n<div class=\"screen-reader-response\"><p role=\"status\" aria-live=\"polite\" aria-atomic=\"true\"><\/p> <ul><\/ul><\/div>\n<form action=\"\/index.php?rest_route=%2Fwp%2Fv2%2Fpages%2F11230#wpcf7-f11179-o1\" method=\"post\" class=\"wpcf7-form init\" aria-label=\"Kapcsolatfelv\u00e9teli \u0171rlap\" novalidate=\"novalidate\" data-status=\"init\">\n<div style=\"display: none;\">\n<input type=\"hidden\" name=\"_wpcf7\" value=\"11179\" \/>\n<input type=\"hidden\" name=\"_wpcf7_version\" value=\"6.0.6\" \/>\n<input type=\"hidden\" name=\"_wpcf7_locale\" value=\"hu_HU\" \/>\n<input type=\"hidden\" name=\"_wpcf7_unit_tag\" value=\"wpcf7-f11179-o1\" \/>\n<input type=\"hidden\" name=\"_wpcf7_container_post\" value=\"0\" \/>\n<input type=\"hidden\" name=\"_wpcf7_posted_data_hash\" value=\"\" \/>\n<input type=\"hidden\" name=\"_wpcf7_recaptcha_response\" value=\"\" \/>\n<\/div>\n<p>N\u00e9v (k\u00f6telez\u0151)\n<\/p>\n<p><span class=\"wpcf7-form-control-wrap\" data-name=\"your-name\"><input size=\"40\" maxlength=\"400\" class=\"wpcf7-form-control wpcf7-text wpcf7-validates-as-required\" aria-required=\"true\" aria-invalid=\"false\" value=\"\" type=\"text\" name=\"your-name\" \/><\/span>\n<\/p>\n<p>Email c\u00edm (k\u00f6telez\u0151)\n<\/p>\n<p><span class=\"wpcf7-form-control-wrap\" data-name=\"your-email\"><input size=\"40\" maxlength=\"400\" class=\"wpcf7-form-control wpcf7-email wpcf7-validates-as-required wpcf7-text wpcf7-validates-as-email\" aria-required=\"true\" aria-invalid=\"false\" value=\"\" type=\"email\" name=\"your-email\" \/><\/span>\n<\/p>\n<p>Ad\u00f3sz\u00e1m (k\u00f6telez\u0151)\n<\/p>\n<p><span class=\"wpcf7-form-control-wrap\" data-name=\"Adszm\"><input size=\"40\" maxlength=\"400\" class=\"wpcf7-form-control wpcf7-text wpcf7-validates-as-required\" aria-required=\"true\" aria-invalid=\"false\" value=\"\" type=\"text\" name=\"Adszm\" \/><\/span>\n<\/p>\n<p>T\u00e1rgy\n<\/p>\n<p><span class=\"wpcf7-form-control-wrap\" data-name=\"your-subject\"><input size=\"40\" maxlength=\"400\" class=\"wpcf7-form-control wpcf7-text\" aria-invalid=\"false\" value=\"\" type=\"text\" name=\"your-subject\" \/><\/span>\n<\/p>\n<p>\u00dczenet\n<\/p>\n<p><span class=\"wpcf7-form-control-wrap\" data-name=\"your-message\"><textarea cols=\"40\" rows=\"10\" maxlength=\"2000\" class=\"wpcf7-form-control wpcf7-textarea\" aria-invalid=\"false\" name=\"your-message\"><\/textarea><\/span>\n<\/p>\n\n<p><input class=\"wpcf7-form-control wpcf7-submit has-spinner\" type=\"submit\" value=\"K\u00fcld\u00e9s\" \/>\n<\/p><p style=\"display: none !important;\" class=\"akismet-fields-container\" data-prefix=\"_wpcf7_ak_\"><label>&#916;<textarea name=\"_wpcf7_ak_hp_textarea\" cols=\"45\" rows=\"8\" maxlength=\"100\"><\/textarea><\/label><input type=\"hidden\" id=\"ak_js_1\" name=\"_wpcf7_ak_js\" value=\"68\"\/><script type=\"text\/javascript\">\n\/* <![CDATA[ *\/\ndocument.getElementById( \"ak_js_1\" ).setAttribute( \"value\", ( new Date() ).getTime() );\n\/* ]]> *\/\n<\/script>\n<\/p><div class=\"wpcf7-response-output\" aria-hidden=\"true\"><\/div>\n<\/form>\n<\/div>\n<\/p><\/div><\/div><\/div>","protected":false},"excerpt":{"rendered":"<p>Vegye fel vel\u00fcnk a kapcsolatot, mi levessz\u00fck v\u00e1ll\u00e1r\u00f3l a munkajogi \u00fcgyekkel kapcsolatos terheket!\u00a0 N\u00e9v (k\u00f6telez\u0151) Email c\u00edm (k\u00f6telez\u0151) Ad\u00f3sz\u00e1m (k\u00f6telez\u0151) T\u00e1rgy \u00dczenet &#916;<\/p>\n","protected":false},"author":1,"featured_media":0,"parent":0,"menu_order":0,"comment_status":"closed","ping_status":"closed","template":"","meta":{"_exactmetrics_skip_tracking":false,"_exactmetrics_sitenote_active":false,"_exactmetrics_sitenote_note":"","_exactmetrics_sitenote_category":0,"footnotes":""},"categories":[],"tags":[],"class_list":["post-11230","page","type-page","status-publish","hentry"],"_links":{"self":[{"href":"https:\/\/www.munkaviszony.hu\/index.php?rest_route=\/wp\/v2\/pages\/11230"}],"collection":[{"href":"https:\/\/www.munkaviszony.hu\/index.php?rest_route=\/wp\/v2\/pages"}],"about":[{"href":"https:\/\/www.munkaviszony.hu\/index.php?rest_route=\/wp\/v2\/types\/page"}],"author":[{"embeddable":true,"href":"https:\/\/www.munkaviszony.hu\/index.php?rest_route=\/wp\/v2\/users\/1"}],"replies":[{"embeddable":true,"href":"https:\/\/www.munkaviszony.hu\/index.php?rest_route=%2Fwp%2Fv2%2Fcomments&post=11230"}],"version-history":[{"count":7,"href":"https:\/\/www.munkaviszony.hu\/index.php?rest_route=\/wp\/v2\/pages\/11230\/revisions"}],"predecessor-version":[{"id":11240,"href":"https:\/\/www.munkaviszony.hu\/index.php?rest_route=\/wp\/v2\/pages\/11230\/revisions\/11240"}],"wp:attachment":[{"href":"https:\/\/www.munkaviszony.hu\/index.php?rest_route=%2Fwp%2Fv2%2Fmedia&parent=11230"}],"wp:term":[{"taxonomy":"category","embeddable":true,"href":"https:\/\/www.munkaviszony.hu\/index.php?rest_route=%2Fwp%2Fv2%2Fcategories&post=11230"},{"taxonomy":"post_tag","embeddable":true,"href":"https:\/\/www.munkaviszony.hu\/index.php?rest_route=%2Fwp%2Fv2%2Ftags&post=11230"}],"curies":[{"name":"wp","href":"https:\/\/api.w.org\/{rel}","templated":true}]}}